{"id":2004,"date":"2025-12-29T18:48:23","date_gmt":"2025-12-29T18:48:23","guid":{"rendered":"https:\/\/jsacaribbeantours.com\/?post_type=product&#038;p=2004"},"modified":"2026-03-10T20:54:16","modified_gmt":"2026-03-10T20:54:16","slug":"7-day-ultimate-island-loop","status":"publish","type":"product","link":"https:\/\/jsacaribbeantours.com\/es\/product\/7-day-ultimate-island-loop\/","title":{"rendered":"Ruta Completa por la Isla de 7 D\u00edas"},"content":{"rendered":"<p data-start=\"995\" data-end=\"1256\">Esta aventura guiada en motocicleta de siete d\u00edas es la forma definitiva de explorar la Rep\u00fablica Dominicana. Desde las costas del Caribe y playas remotas hasta pueblos de monta\u00f1a y ciudades culturales, este tour ofrece variedad, paisajes y recorridos inolvidables todos los d\u00edas.<\/p>\n<p>Guiado por expertos locales, cada ruta es cuidadosamente seleccionada para destacar las carreteras m\u00e1s esc\u00e9nicas del pa\u00eds, pueblos aut\u00e9nticos y paisajes diversos.<\/p>\n<h3 data-start=\"1434\" data-end=\"1453\"><strong>Ruta D\u00eda a D\u00eda<\/strong><\/h3>\n<p>&nbsp;<\/p>\n<h3 data-start=\"1438\" data-end=\"1479\">D\u00cdA 1 \u2013 Costa Caribe\u00f1a hacia Punta Cana<\/h3>\n<p data-start=\"1480\" data-end=\"1557\"><strong data-start=\"1480\" data-end=\"1490\">Ruta:<\/strong><br data-start=\"1490\" data-end=\"1493\" \/>Boca Chica \u2192 Playa Caleta \u2192 Bayahibe \u2192 Boca de Yuma \u2192 Punta Cana<\/p>\n<p data-start=\"1559\" data-end=\"1738\"><strong data-start=\"1559\" data-end=\"1578\">Qu\u00e9 esperar:<\/strong><br data-start=\"1578\" data-end=\"1581\" \/>Comienza a lo largo de la costa caribe\u00f1a con paradas en playas de aguas cristalinas y<br \/>\nMiradores desde acantilados. Recorre tranquilos pueblos costeros antes de llegar<br \/>\nen Punta Cana.<\/p>\n<p data-start=\"1740\" data-end=\"1765\"><strong data-start=\"1740\" data-end=\"1754\">Alojamiento:<\/strong> Punta Cana<\/p>\n<hr data-start=\"1767\" data-end=\"1770\" \/>\n<h3 data-start=\"1772\" data-end=\"1804\">D\u00cdA 2 \u2013 De la costa al campo<\/h3>\n<p data-start=\"1805\" data-end=\"1863\"><strong data-start=\"1805\" data-end=\"1815\">Ruta:<\/strong><br data-start=\"1815\" data-end=\"1818\" \/>Punta Cana \u2192 Miches \u2192 Hato Mayor \u2192 Guayacanes<\/p>\n<p data-start=\"1865\" data-end=\"2055\"><strong data-start=\"1865\" data-end=\"1884\">Qu\u00e9 esperar:<\/strong><br data-start=\"1884\" data-end=\"1887\" \/>Una transici\u00f3n esc\u00e9nica desde carreteras costeras hacia monta\u00f1as verdes y aut\u00e9nticos<br \/>\nun recorrido por el campo. Rutas tranquilas del interior conducen de regreso hacia la costa para un<br \/>\nun final relajado junto a la playa.<\/p>\n<p data-start=\"2057\" data-end=\"2088\"><strong data-start=\"2057\" data-end=\"2071\">Alojamiento:<\/strong> Playa Guayacanes<\/p>\n<hr data-start=\"2090\" data-end=\"2093\" \/>\n<h3 data-start=\"2095\" data-end=\"2135\">D\u00cdA 3 \u2013 Recorrido interior hacia las monta\u00f1as<\/h3>\n<p data-start=\"2136\" data-end=\"2198\"><strong data-start=\"2136\" data-end=\"2146\">Ruta:<\/strong><br data-start=\"2146\" data-end=\"2149\" \/>Guayacanes \u2192 Villa Altagracia \u2192 Bonao \u2192 Jarabacoa<\/p>\n<p data-start=\"2200\" data-end=\"2385\"><strong data-start=\"2200\" data-end=\"2219\">Qu\u00e9 esperar:<\/strong><br data-start=\"2219\" data-end=\"2222\" \/>Recorre el interior a trav\u00e9s de colinas onduladas y accesos a la monta\u00f1a antes de<br \/>\nascendiendo hacia altitudes m\u00e1s frescas. Las carreteras sinuosas y los paisajes exuberantes hacen de este<br \/>\nun d\u00eda favorito de conducci\u00f3n.<\/p>\n<p data-start=\"2387\" data-end=\"2411\"><strong data-start=\"2387\" data-end=\"2401\">Alojamiento:<\/strong> Jarabacoa<\/p>\n<hr data-start=\"2413\" data-end=\"2416\" \/>\n<h3 data-start=\"2418\" data-end=\"2451\">D\u00cdA 4 \u2013 D\u00eda libre en Jarabacoa<\/h3>\n<p data-start=\"2452\" data-end=\"2474\"><strong data-start=\"2452\" data-end=\"2474\">Sin recorrido largo hoy<\/strong><\/p>\n<p data-start=\"2476\" data-end=\"2502\"><strong data-start=\"2476\" data-end=\"2500\">Actividades opcionales:<\/strong><\/p>\n<ul data-start=\"2503\" data-end=\"2601\">\n<li data-start=\"2503\" data-end=\"2522\">\n<p data-start=\"2505\" data-end=\"2522\">Caminatas a cascadas<\/p>\n<\/li>\n<li data-start=\"2523\" data-end=\"2541\">\n<p data-start=\"2525\" data-end=\"2541\">Ba\u00f1o en r\u00edo<\/p>\n<\/li>\n<li data-start=\"2542\" data-end=\"2557\">\n<p data-start=\"2544\" data-end=\"2557\">Parapente<\/p>\n<\/li>\n<li data-start=\"2558\" data-end=\"2582\">\n<p data-start=\"2560\" data-end=\"2582\">Recorridos locales por la monta\u00f1a<\/p>\n<\/li>\n<li data-start=\"2583\" data-end=\"2601\">\n<p data-start=\"2585\" data-end=\"2601\">Relajarse en el pueblo<\/p>\n<\/li>\n<\/ul>\n<p data-start=\"2603\" data-end=\"2712\">Un d\u00eda de descanso para disfrutar de la belleza natural de una de las<br \/>\ndestinos de monta\u00f1a m\u00e1s queridos.<\/p>\n<p data-start=\"2714\" data-end=\"2738\"><strong data-start=\"2714\" data-end=\"2728\">Alojamiento:<\/strong> Jarabacoa<\/p>\n<hr data-start=\"2740\" data-end=\"2743\" \/>\n<h3 data-start=\"2745\" data-end=\"2788\">D\u00cdA 5 \u2013 De las monta\u00f1as a la costa norte<\/h3>\n<p data-start=\"2789\" data-end=\"2845\"><strong data-start=\"2789\" data-end=\"2799\">Ruta:<\/strong><br data-start=\"2799\" data-end=\"2802\" \/>Jarabacoa \u2192 Santiago \u2192 Puerto Plata \u2192 Sos\u00faa<\/p>\n<p data-start=\"2847\" data-end=\"3050\"><strong data-start=\"2847\" data-end=\"2866\">Qu\u00e9 esperar:<\/strong><br data-start=\"2866\" data-end=\"2869\" \/>Desciende desde las monta\u00f1as hacia el Valle del Cibao, pasando por<br \/>\nSantiago antes de llegar a la costa norte. Vistas costeras, sitios hist\u00f3ricos<br \/>\nlugares emblem\u00e1ticos y un animado ambiente costero te esperan.<\/p>\n<p data-start=\"3052\" data-end=\"3072\"><strong data-start=\"3052\" data-end=\"3066\">Alojamiento:<\/strong> Sos\u00faa<\/p>\n<hr data-start=\"3074\" data-end=\"3077\" \/>\n<h3 data-start=\"3079\" data-end=\"3126\">D\u00cdA 6 \u2013 De la costa norte a la pen\u00ednsula de Saman\u00e1<\/h3>\n<p data-start=\"3127\" data-end=\"3177\"><strong data-start=\"3127\" data-end=\"3137\">Ruta:<\/strong><br data-start=\"3137\" data-end=\"3140\" \/>Sos\u00faa \u2192 R\u00edo San Juan \u2192 Nagua \u2192 Saman\u00e1<\/p>\n<p data-start=\"3179\" data-end=\"3348\"><strong data-start=\"3179\" data-end=\"3198\">Qu\u00e9 esperar:<\/strong><br data-start=\"3198\" data-end=\"3201\" \/>Recorre una de las costas m\u00e1s hermosas del pa\u00eds, con<br \/>\naguas turquesas, playas amplias y carreteras junto al mar antes de llegar a<br \/>\nSaman\u00e1.<\/p>\n<p data-start=\"3350\" data-end=\"3371\"><strong data-start=\"3350\" data-end=\"3364\">Alojamiento:<\/strong> Saman\u00e1<\/p>\n<hr data-start=\"3373\" data-end=\"3376\" \/>\n<h3 data-start=\"3378\" data-end=\"3410\">D\u00cdA 7 \u2013 Regreso a Boca Chica<\/h3>\n<p data-start=\"3411\" data-end=\"3472\"><strong data-start=\"3411\" data-end=\"3421\">Ruta:<\/strong><br data-start=\"3421\" data-end=\"3424\" \/>Saman\u00e1 \u2192 Las Terrenas \u2192 Monte Plata \u2192 Boca Chica<\/p>\n<p data-start=\"3474\" data-end=\"3642\"><strong data-start=\"3474\" data-end=\"3493\">Qu\u00e9 esperar:<\/strong><br data-start=\"3493\" data-end=\"3496\" \/>Un \u00faltimo d\u00eda que combina impresionantes pueblos costeros con pintorescas carreteras del interior.<br \/>\nRegresa a Boca Chica para completar el recorrido y celebrar la aventura.<\/p>\n<p data-start=\"3644\" data-end=\"3669\"><strong data-start=\"3644\" data-end=\"3658\">El tour finaliza en:<\/strong> Boca Chica<\/p>","protected":false},"excerpt":{"rendered":"<p>Experimenta toda la diversidad de la Rep\u00fablica Dominicana \u2014 playas, monta\u00f1as, campo y cultura \u2014 en un recorrido guiado de 7 d\u00edas.<\/p>\n<p>\u2022 7 d\u00edas \/ 6 noches<br \/>\n\u2022 Tour guiado en motocicleta en grupo reducido<br \/>\n\u2022 Carreteras costeras, monta\u00f1as y valles interiores<br \/>\n\u2022 Comienza y termina en Boca Chica<code class=\"whitespace-pre!\"><\/code><\/p>\n<p><strong data-start=\"385\" data-end=\"400\">Precio del Tour:<\/strong><br \/>\n$400 por rider \/ d\u00eda<br data-start=\"421\" data-end=\"424\" \/>Se requiere un dep\u00f3sito del 25% una vez que tus fechas est\u00e9n confirmadas<\/p>\n<p><strong>Disponibilidad del Tour<\/strong><\/p>\n<div style=\"position: relative; padding-bottom: 70%; height: 0; overflow: hidden;\">\n<iframe \nstyle=\"position: absolute; top: 0; left: 0; width: 100%; height: 100%; border: 0;\"\nsrc=\"https:\/\/calendar.google.com\/calendar\/embed?wkst=1&#038;ctz=America%2FSanto_Domingo&#038;showTitle=0&#038;showPrint=0&#038;showTabs=0&#038;showCalendars=0&#038;showTz=0&#038;mode=MONTH&#038;src=cc377022eba30fbf435752873cef158b3fe09eeab38082fdf9282c28d0b34d34%40group.calendar.google.com&#038;color=%23d50000&#038;v=2\"\nframeborder=\"0\"\nscrolling=\"no\"><br \/>\n<\/iframe>\n<\/div>\n<p><a class=\"reserve-tour-btn\" href=\"#tab-reserve-your-tour\">Reserva tu Tour<\/a><\/p>","protected":false},"featured_media":1791,"template":"","meta":{"_kad_blocks_custom_css":"","_kad_blocks_head_custom_js":"","_kad_blocks_body_custom_js":"","_kad_blocks_footer_custom_js":"","_kadence_starter_templates_imported_post":false,"_kad_post_transparent":"default","_kad_post_title":"","_kad_post_layout":"default","_kad_post_sidebar_id":"","_kad_post_content_style":"default","_kad_post_vertical_padding":"default","_kad_post_feature":"","_kad_post_feature_position":"","_kad_post_header":false,"_kad_post_footer":false,"_kad_post_classname":""},"product_brand":[],"product_cat":[35],"product_tag":[],"class_list":{"0":"post-2004","1":"product","2":"type-product","3":"status-publish","4":"has-post-thumbnail","6":"product_cat-booking","8":"first","9":"instock","10":"shipping-taxable","11":"product-type-simple","12":"entry","13":"content-bg","14":"loop-entry"},"taxonomy_info":{"product_cat":[{"value":35,"label":"booking"}]},"featured_image_src_large":["https:\/\/jsacaribbeantours.com\/wp-content\/uploads\/2025\/12\/waterfall-683x1024.png",683,1024,true],"author_info":[],"comment_info":"","_links":{"self":[{"href":"https:\/\/jsacaribbeantours.com\/es\/wp-json\/wp\/v2\/product\/2004","targetHints":{"allow":["GET"]}}],"collection":[{"href":"https:\/\/jsacaribbeantours.com\/es\/wp-json\/wp\/v2\/product"}],"about":[{"href":"https:\/\/jsacaribbeantours.com\/es\/wp-json\/wp\/v2\/types\/product"}],"wp:featuredmedia":[{"embeddable":true,"href":"https:\/\/jsacaribbeantours.com\/es\/wp-json\/wp\/v2\/media\/1791"}],"wp:attachment":[{"href":"https:\/\/jsacaribbeantours.com\/es\/wp-json\/wp\/v2\/media?parent=2004"}],"wp:term":[{"taxonomy":"product_brand","embeddable":true,"href":"https:\/\/jsacaribbeantours.com\/es\/wp-json\/wp\/v2\/product_brand?post=2004"},{"taxonomy":"product_cat","embeddable":true,"href":"https:\/\/jsacaribbeantours.com\/es\/wp-json\/wp\/v2\/product_cat?post=2004"},{"taxonomy":"product_tag","embeddable":true,"href":"https:\/\/jsacaribbeantours.com\/es\/wp-json\/wp\/v2\/product_tag?post=2004"}],"curies":[{"name":"wp","href":"https:\/\/api.w.org\/{rel}","templated":true}]}}