{"id":1974,"date":"2025-12-28T18:57:33","date_gmt":"2025-12-28T18:57:33","guid":{"rendered":"https:\/\/jsacaribbeantours.com\/?post_type=product&#038;p=1974"},"modified":"2026-03-12T01:05:56","modified_gmt":"2026-03-12T01:05:56","slug":"3-day-coastal-escape","status":"publish","type":"product","link":"https:\/\/jsacaribbeantours.com\/es\/product\/3-day-coastal-escape\/","title":{"rendered":"Escapada Costera de 3 D\u00edas"},"content":{"rendered":"<p>Un tour guiado en motocicleta de tres d\u00edas, dise\u00f1ado para riders que buscan carreteras hermosas, destinos aut\u00e9nticos y paisajes costeros inolvidables, no autopistas apresuradas.<\/p>\n<h3 data-start=\"1434\" data-end=\"1453\"><strong>Ruta D\u00eda a D\u00eda<\/strong><\/h3>\n<h5 data-start=\"1455\" data-end=\"1488\">D\u00cdA 1 \u2013 Costa Sur hacia B\u00e1varo<\/h5>\n<p data-start=\"1489\" data-end=\"1559\"><strong data-start=\"1489\" data-end=\"1499\">Ruta:<\/strong><br data-start=\"1499\" data-end=\"1502\" \/>La Romana \u2192 Bayahibe \u2192 Boca de Yuma \u2192 Punta Cana \u2192 B\u00e1varo<\/p>\n<p data-start=\"1561\" data-end=\"1682\"><strong data-start=\"1561\" data-end=\"1580\">Qu\u00e9 esperar:<\/strong><br data-start=\"1580\" data-end=\"1583\" \/>Aguas turquesas, pueblos pesqueros, vistas desde acantilados y un ambiente de playa relajado<br \/>\ndestino para terminar el d\u00eda.<\/p>\n<p data-start=\"1684\" data-end=\"1710\"><strong data-start=\"1684\" data-end=\"1698\">Alojamiento:<\/strong> \u00c1rea de B\u00e1varo<\/p>\n<hr data-start=\"1712\" data-end=\"1715\" \/>\n<h5 data-start=\"1717\" data-end=\"1752\">D\u00cdA 2 \u2013 Playas salvajes de la costa este<\/h5>\n<p data-start=\"1753\" data-end=\"1874\"><strong data-start=\"1753\" data-end=\"1763\">Ruta:<\/strong><br data-start=\"1763\" data-end=\"1766\" \/>B\u00e1varo \u2192 Playa Macao \u2192 Playa Dana Banuana \u2192 Playa Punta Nisben \u2192<br data-start=\"1830\" data-end=\"1833\" \/>Playa Esmeralda \u2192 Playa El Morro \u2192 Miches<\/p>\n<p data-start=\"1876\" data-end=\"1975\"><strong data-start=\"1876\" data-end=\"1895\">Qu\u00e9 esperar:<\/strong><br data-start=\"1895\" data-end=\"1898\" \/>Playas remotas, aguas color esmeralda, miradores impresionantes y paisajes intactos<br \/>\ncostas.<\/p>\n<p data-start=\"1977\" data-end=\"1998\"><strong data-start=\"1977\" data-end=\"1991\">Alojamiento:<\/strong> Miches<\/p>\n<hr data-start=\"2000\" data-end=\"2003\" \/>\n<h5 data-start=\"2005\" data-end=\"2052\">D\u00cdA 3 \u2013 Del campo al gran final en el Caribe<\/h5>\n<p data-start=\"2053\" data-end=\"2124\"><strong data-start=\"2053\" data-end=\"2063\">Ruta:<\/strong><br data-start=\"2063\" data-end=\"2066\" \/>Miches \u2192 Hato Mayor \u2192 Juan Dolio \u2192 Guayacanes \u2192 Boca Chica<\/p>\n<p data-start=\"2126\" data-end=\"2220\"><strong data-start=\"2126\" data-end=\"2145\">Qu\u00e9 esperar:<\/strong><br data-start=\"2145\" data-end=\"2148\" \/>Carreteras interiores exuberantes, cultura local y un destino final de playa vibrante<\/p>\n<p data-start=\"2126\" data-end=\"2220\"><strong data-start=\"2222\" data-end=\"2236\">El tour finaliza en:<\/strong> Boca Chica<\/p>","protected":false},"excerpt":{"rendered":"<p>Explora las costas, playas y paisajes m\u00e1s impresionantes de la Rep\u00fablica Dominicana con gu\u00edas locales y rutas cuidadosamente dise\u00f1adas.<\/p>\n<p>\u2022 3 d\u00edas \/ 2 noches<br \/>\n\u2022 Recorrido guiado en grupo reducido<br \/>\n\u2022 Rutas costeras y enfocadas en playas<code class=\"whitespace-pre!\"><\/code><\/p>\n<p><strong data-start=\"385\" data-end=\"400\">Precio del Tour:<\/strong><br \/>\n$400 por rider \/ d\u00eda<br data-start=\"421\" data-end=\"424\" \/>Se requiere un dep\u00f3sito del 25% una vez que tus fechas est\u00e9n confirmadas<\/p>\n<p><strong>Disponibilidad del Tour<\/strong><\/p>\n<div style=\"position: relative; padding-bottom: 70%; height: 0; overflow: hidden;\">\n<iframe \nstyle=\"position: absolute; top: 0; left: 0; width: 100%; height: 100%; border: 0;\"\nsrc=\"https:\/\/calendar.google.com\/calendar\/embed?wkst=1&#038;ctz=America%2FSanto_Domingo&#038;showTitle=0&#038;showPrint=0&#038;showTabs=0&#038;showCalendars=0&#038;showTz=0&#038;mode=MONTH&#038;src=YTY4NDk5NzUzZTYyMWY1YmE5ODJhMDM3YjY0YjczYmYyMDBhZWQxMjkyNDNkNTYyMzUxMTJhNzM5ZjllMGZjZUBncm91cC5jYWxlbmRhci5nb29nbGUuY29t&#038;color=%23d50000&#038;v=2\"\nframeborder=\"0\"\nscrolling=\"no\"><br \/>\n<\/iframe>\n<\/div>\n<p><a class=\"reserve-tour-btn\" href=\"#tab-reserve-your-tour\">Reserva tu Tour<\/a><\/p>","protected":false},"featured_media":1798,"template":"","meta":{"_kad_blocks_custom_css":"","_kad_blocks_head_custom_js":"","_kad_blocks_body_custom_js":"","_kad_blocks_footer_custom_js":"","_kadence_starter_templates_imported_post":false,"_kad_post_transparent":"default","_kad_post_title":"","_kad_post_layout":"default","_kad_post_sidebar_id":"","_kad_post_content_style":"default","_kad_post_vertical_padding":"default","_kad_post_feature":"","_kad_post_feature_position":"","_kad_post_header":false,"_kad_post_footer":false,"_kad_post_classname":""},"product_brand":[],"product_cat":[35],"product_tag":[],"class_list":{"0":"post-1974","1":"product","2":"type-product","3":"status-publish","4":"has-post-thumbnail","6":"product_cat-booking","8":"first","9":"instock","10":"virtual","11":"product-type-simple","12":"entry","13":"content-bg","14":"loop-entry"},"taxonomy_info":{"product_cat":[{"value":35,"label":"booking"}]},"featured_image_src_large":["https:\/\/jsacaribbeantours.com\/wp-content\/uploads\/2025\/12\/beach-tour-683x1024.png",683,1024,true],"author_info":[],"comment_info":"","_links":{"self":[{"href":"https:\/\/jsacaribbeantours.com\/es\/wp-json\/wp\/v2\/product\/1974","targetHints":{"allow":["GET"]}}],"collection":[{"href":"https:\/\/jsacaribbeantours.com\/es\/wp-json\/wp\/v2\/product"}],"about":[{"href":"https:\/\/jsacaribbeantours.com\/es\/wp-json\/wp\/v2\/types\/product"}],"wp:featuredmedia":[{"embeddable":true,"href":"https:\/\/jsacaribbeantours.com\/es\/wp-json\/wp\/v2\/media\/1798"}],"wp:attachment":[{"href":"https:\/\/jsacaribbeantours.com\/es\/wp-json\/wp\/v2\/media?parent=1974"}],"wp:term":[{"taxonomy":"product_brand","embeddable":true,"href":"https:\/\/jsacaribbeantours.com\/es\/wp-json\/wp\/v2\/product_brand?post=1974"},{"taxonomy":"product_cat","embeddable":true,"href":"https:\/\/jsacaribbeantours.com\/es\/wp-json\/wp\/v2\/product_cat?post=1974"},{"taxonomy":"product_tag","embeddable":true,"href":"https:\/\/jsacaribbeantours.com\/es\/wp-json\/wp\/v2\/product_tag?post=1974"}],"curies":[{"name":"wp","href":"https:\/\/api.w.org\/{rel}","templated":true}]}}